{"id":88525,"date":"2021-12-09T08:47:13","date_gmt":"2021-12-09T08:47:13","guid":{"rendered":"http:\/\/www.alexnabytok.sk\/skolskynabytok\/?page_id=88525"},"modified":"2022-03-23T11:54:44","modified_gmt":"2022-03-23T11:54:44","slug":"duran-stoly","status":"publish","type":"page","link":"https:\/\/alexnabytok.sk\/skolskynabytok\/kategoria\/moderna-skola\/duran-stoly\/","title":{"rendered":"Duran stoly"},"content":{"rendered":"<div class=\"yt-row\">\n<div class=\"yt-subrow yt-subrow1\">\n<iframe loading=\"lazy\" width=\"448\" height=\"252\" src=\"https:\/\/www.youtube.com\/embed\/qJ8EB4b6dhY\" frameborder=\"0\" allow=\"accelerometer; autoplay; clipboard-write; encrypted-media; gyroscope; picture-in-picture\" allowfullscreen><\/iframe>\n<\/div>\n<div class=\"yt-subrow yt-subrow2\">\n<p>Stoly Duran s\u00fa multifunk\u010dn\u00e9 a poskytuj\u00fa ve\u013ek\u00fa flexibilitu. V pr\u00edpade komunitn\u00fdch priestorov a oddychov\u00fdch z\u00f3n pre u\u010dite\u013eov poskytuj\u00fa \u010doraz ob\u013e\u00fabenej\u0161ie a rozsiahlej\u0161ie rie\u0161enia na vytvorenie toho spr\u00e1vneho priestoru. S n\u00e1bytkovou zostavou Duran sa \u0161tudenti a u\u010ditelia m\u00f4\u017eu c\u00edti\u0165 pohodlnej\u0161ie a ako doma. M\u00f4\u017eu vytv\u00e1ra\u0165 r\u00f4zne pracovn\u00e9 priestory - od neform\u00e1lnych po v\u00e4\u010d\u0161ie miestnost\u00ed, a\u017e po jed\u00e1lne. Okrem toho m\u00f4\u017eu by\u0165 praktick\u00fdm prvkom stretnut\u00ed v malom objekte, kde m\u00f4\u017ee by\u0165 ka\u017ed\u00fd tvoriv\u00fdm \u00fa\u010dastn\u00edkom spolo\u010dne str\u00e1ven\u00e9ho \u010dasu.<\/p>\n<\/div>\n<\/div>\n","protected":false},"excerpt":{"rendered":"<p>Stoly Duran s\u00fa multifunk\u010dn\u00e9 a poskytuj\u00fa ve\u013ek\u00fa flexibilitu. V pr\u00edpade komunitn\u00fdch priestorov a oddychov\u00fdch z\u00f3n pre u\u010dite\u013eov poskytuj\u00fa \u010doraz ob\u013e\u00fabenej\u0161ie a rozsiahlej\u0161ie rie\u0161enia na vytvorenie toho spr\u00e1vneho priestoru. S n\u00e1bytkovou zostavou Duran sa \u0161tudenti a u\u010ditelia m\u00f4\u017eu c\u00edti\u0165 pohodlnej\u0161ie a ako doma. M\u00f4\u017eu vytv\u00e1ra\u0165 r\u00f4zne pracovn\u00e9 priestory - od neform\u00e1lnych po v\u00e4\u010d\u0161ie miestnost\u00ed, a\u017e po jed\u00e1lne. Okrem toho m\u00f4\u017eu by\u0165&nbsp;<a href=\"https:\/\/alexnabytok.sk\/skolskynabytok\/kategoria\/moderna-skola\/duran-stoly\/\" class=\"read-more\">...<\/a><\/p>\n","protected":false},"author":1,"featured_media":88518,"parent":88516,"menu_order":0,"comment_status":"closed","ping_status":"closed","template":"page-Portfolio4Cols-filterable.php","meta":{"footnotes":""},"class_list":["post-88525","page","type-page","status-publish","has-post-thumbnail","hentry"],"yoast_head":"<!-- This site is optimized with the Yoast SEO plugin v24.7 - https:\/\/yoast.com\/wordpress\/plugins\/seo\/ -->\n<title>Duran stoly - \u0160KOLSK\u00dd N\u00c1BYTOK<\/title>\n<meta name=\"robots\" content=\"index, follow, max-snippet:-1, max-image-preview:large, max-video-preview:-1\" \/>\n<link rel=\"canonical\" href=\"https:\/\/alexnabytok.sk\/skolskynabytok\/kategoria\/moderna-skola\/duran-stoly\/\" \/>\n<meta property=\"og:locale\" content=\"sk_SK\" \/>\n<meta property=\"og:type\" content=\"article\" \/>\n<meta property=\"og:title\" content=\"Duran stoly - \u0160KOLSK\u00dd N\u00c1BYTOK\" \/>\n<meta property=\"og:description\" content=\"Stoly Duran s\u00fa multifunk\u010dn\u00e9 a poskytuj\u00fa ve\u013ek\u00fa flexibilitu. V pr\u00edpade komunitn\u00fdch priestorov a oddychov\u00fdch z\u00f3n pre u\u010dite\u013eov poskytuj\u00fa \u010doraz ob\u013e\u00fabenej\u0161ie a rozsiahlej\u0161ie rie\u0161enia na vytvorenie toho spr\u00e1vneho priestoru. S n\u00e1bytkovou zostavou Duran sa \u0161tudenti a u\u010ditelia m\u00f4\u017eu c\u00edti\u0165 pohodlnej\u0161ie a ako doma. M\u00f4\u017eu vytv\u00e1ra\u0165 r\u00f4zne pracovn\u00e9 priestory - od neform\u00e1lnych po v\u00e4\u010d\u0161ie miestnost\u00ed, a\u017e po jed\u00e1lne. Okrem toho m\u00f4\u017eu by\u0165&nbsp;...\" \/>\n<meta property=\"og:url\" content=\"https:\/\/alexnabytok.sk\/skolskynabytok\/kategoria\/moderna-skola\/duran-stoly\/\" \/>\n<meta property=\"og:site_name\" content=\"\u0160KOLSK\u00dd N\u00c1BYTOK\" \/>\n<meta property=\"article:modified_time\" content=\"2022-03-23T11:54:44+00:00\" \/>\n<meta property=\"og:image\" content=\"https:\/\/alexnabytok.sk\/skolskynabytok\/wp-content\/uploads\/2021\/12\/duran_kat_kep.jpg\" \/>\n\t<meta property=\"og:image:width\" content=\"800\" \/>\n\t<meta property=\"og:image:height\" content=\"560\" \/>\n\t<meta property=\"og:image:type\" content=\"image\/jpeg\" \/>\n<meta name=\"twitter:card\" content=\"summary_large_image\" \/>\n<meta name=\"twitter:label1\" content=\"Est. reading time\" \/>\n\t<meta name=\"twitter:data1\" content=\"1 minute\" \/>\n<script type=\"application\/ld+json\" class=\"yoast-schema-graph\">{\"@context\":\"https:\/\/schema.org\",\"@graph\":[{\"@type\":\"WebPage\",\"@id\":\"https:\/\/alexnabytok.sk\/skolskynabytok\/kategoria\/moderna-skola\/duran-stoly\/\",\"url\":\"https:\/\/alexnabytok.sk\/skolskynabytok\/kategoria\/moderna-skola\/duran-stoly\/\",\"name\":\"Duran stoly - \u0160KOLSK\u00dd N\u00c1BYTOK\",\"isPartOf\":{\"@id\":\"https:\/\/alexnabytok.sk\/skolskynabytok\/#website\"},\"primaryImageOfPage\":{\"@id\":\"https:\/\/alexnabytok.sk\/skolskynabytok\/kategoria\/moderna-skola\/duran-stoly\/#primaryimage\"},\"image\":{\"@id\":\"https:\/\/alexnabytok.sk\/skolskynabytok\/kategoria\/moderna-skola\/duran-stoly\/#primaryimage\"},\"thumbnailUrl\":\"https:\/\/alexnabytok.sk\/skolskynabytok\/wp-content\/uploads\/2021\/12\/duran_kat_kep.jpg\",\"datePublished\":\"2021-12-09T08:47:13+00:00\",\"dateModified\":\"2022-03-23T11:54:44+00:00\",\"breadcrumb\":{\"@id\":\"https:\/\/alexnabytok.sk\/skolskynabytok\/kategoria\/moderna-skola\/duran-stoly\/#breadcrumb\"},\"inLanguage\":\"en-US\",\"potentialAction\":[{\"@type\":\"ReadAction\",\"target\":[\"https:\/\/alexnabytok.sk\/skolskynabytok\/kategoria\/moderna-skola\/duran-stoly\/\"]}]},{\"@type\":\"ImageObject\",\"inLanguage\":\"en-US\",\"@id\":\"https:\/\/alexnabytok.sk\/skolskynabytok\/kategoria\/moderna-skola\/duran-stoly\/#primaryimage\",\"url\":\"https:\/\/alexnabytok.sk\/skolskynabytok\/wp-content\/uploads\/2021\/12\/duran_kat_kep.jpg\",\"contentUrl\":\"https:\/\/alexnabytok.sk\/skolskynabytok\/wp-content\/uploads\/2021\/12\/duran_kat_kep.jpg\",\"width\":800,\"height\":560},{\"@type\":\"BreadcrumbList\",\"@id\":\"https:\/\/alexnabytok.sk\/skolskynabytok\/kategoria\/moderna-skola\/duran-stoly\/#breadcrumb\",\"itemListElement\":[{\"@type\":\"ListItem\",\"position\":1,\"name\":\"Home\",\"item\":\"https:\/\/alexnabytok.sk\/skolskynabytok\/\"},{\"@type\":\"ListItem\",\"position\":2,\"name\":\"Produkty\",\"item\":\"https:\/\/alexnabytok.sk\/skolskynabytok\/kategoria\/\"},{\"@type\":\"ListItem\",\"position\":3,\"name\":\"Modern\u00e1 \u0161kola\",\"item\":\"https:\/\/alexnabytok.sk\/skolskynabytok\/kategoria\/moderna-skola\/\"},{\"@type\":\"ListItem\",\"position\":4,\"name\":\"Duran stoly\"}]},{\"@type\":\"WebSite\",\"@id\":\"https:\/\/alexnabytok.sk\/skolskynabytok\/#website\",\"url\":\"https:\/\/alexnabytok.sk\/skolskynabytok\/\",\"name\":\"\u0160KOLSK\u00dd N\u00c1BYTOK\",\"description\":\"Alex kovov\u00fd a \u0161kolsk\u00fd n\u00e1bytok s.r.o.\",\"potentialAction\":[{\"@type\":\"SearchAction\",\"target\":{\"@type\":\"EntryPoint\",\"urlTemplate\":\"https:\/\/alexnabytok.sk\/skolskynabytok\/?s={search_term_string}\"},\"query-input\":{\"@type\":\"PropertyValueSpecification\",\"valueRequired\":true,\"valueName\":\"search_term_string\"}}],\"inLanguage\":\"en-US\"}]}<\/script>\n<!-- \/ Yoast SEO plugin. -->","yoast_head_json":{"title":"Duran stoly - \u0160KOLSK\u00dd N\u00c1BYTOK","robots":{"index":"index","follow":"follow","max-snippet":"max-snippet:-1","max-image-preview":"max-image-preview:large","max-video-preview":"max-video-preview:-1"},"canonical":"https:\/\/alexnabytok.sk\/skolskynabytok\/kategoria\/moderna-skola\/duran-stoly\/","og_locale":"sk_SK","og_type":"article","og_title":"Duran stoly - \u0160KOLSK\u00dd N\u00c1BYTOK","og_description":"Stoly Duran s\u00fa multifunk\u010dn\u00e9 a poskytuj\u00fa ve\u013ek\u00fa flexibilitu. V pr\u00edpade komunitn\u00fdch priestorov a oddychov\u00fdch z\u00f3n pre u\u010dite\u013eov poskytuj\u00fa \u010doraz ob\u013e\u00fabenej\u0161ie a rozsiahlej\u0161ie rie\u0161enia na vytvorenie toho spr\u00e1vneho priestoru. S n\u00e1bytkovou zostavou Duran sa \u0161tudenti a u\u010ditelia m\u00f4\u017eu c\u00edti\u0165 pohodlnej\u0161ie a ako doma. M\u00f4\u017eu vytv\u00e1ra\u0165 r\u00f4zne pracovn\u00e9 priestory - od neform\u00e1lnych po v\u00e4\u010d\u0161ie miestnost\u00ed, a\u017e po jed\u00e1lne. Okrem toho m\u00f4\u017eu by\u0165&nbsp;...","og_url":"https:\/\/alexnabytok.sk\/skolskynabytok\/kategoria\/moderna-skola\/duran-stoly\/","og_site_name":"\u0160KOLSK\u00dd N\u00c1BYTOK","article_modified_time":"2022-03-23T11:54:44+00:00","og_image":[{"width":800,"height":560,"url":"https:\/\/alexnabytok.sk\/skolskynabytok\/wp-content\/uploads\/2021\/12\/duran_kat_kep.jpg","type":"image\/jpeg"}],"twitter_card":"summary_large_image","twitter_misc":{"Est. reading time":"1 minute"},"schema":{"@context":"https:\/\/schema.org","@graph":[{"@type":"WebPage","@id":"https:\/\/alexnabytok.sk\/skolskynabytok\/kategoria\/moderna-skola\/duran-stoly\/","url":"https:\/\/alexnabytok.sk\/skolskynabytok\/kategoria\/moderna-skola\/duran-stoly\/","name":"Duran stoly - \u0160KOLSK\u00dd N\u00c1BYTOK","isPartOf":{"@id":"https:\/\/alexnabytok.sk\/skolskynabytok\/#website"},"primaryImageOfPage":{"@id":"https:\/\/alexnabytok.sk\/skolskynabytok\/kategoria\/moderna-skola\/duran-stoly\/#primaryimage"},"image":{"@id":"https:\/\/alexnabytok.sk\/skolskynabytok\/kategoria\/moderna-skola\/duran-stoly\/#primaryimage"},"thumbnailUrl":"https:\/\/alexnabytok.sk\/skolskynabytok\/wp-content\/uploads\/2021\/12\/duran_kat_kep.jpg","datePublished":"2021-12-09T08:47:13+00:00","dateModified":"2022-03-23T11:54:44+00:00","breadcrumb":{"@id":"https:\/\/alexnabytok.sk\/skolskynabytok\/kategoria\/moderna-skola\/duran-stoly\/#breadcrumb"},"inLanguage":"en-US","potentialAction":[{"@type":"ReadAction","target":["https:\/\/alexnabytok.sk\/skolskynabytok\/kategoria\/moderna-skola\/duran-stoly\/"]}]},{"@type":"ImageObject","inLanguage":"en-US","@id":"https:\/\/alexnabytok.sk\/skolskynabytok\/kategoria\/moderna-skola\/duran-stoly\/#primaryimage","url":"https:\/\/alexnabytok.sk\/skolskynabytok\/wp-content\/uploads\/2021\/12\/duran_kat_kep.jpg","contentUrl":"https:\/\/alexnabytok.sk\/skolskynabytok\/wp-content\/uploads\/2021\/12\/duran_kat_kep.jpg","width":800,"height":560},{"@type":"BreadcrumbList","@id":"https:\/\/alexnabytok.sk\/skolskynabytok\/kategoria\/moderna-skola\/duran-stoly\/#breadcrumb","itemListElement":[{"@type":"ListItem","position":1,"name":"Home","item":"https:\/\/alexnabytok.sk\/skolskynabytok\/"},{"@type":"ListItem","position":2,"name":"Produkty","item":"https:\/\/alexnabytok.sk\/skolskynabytok\/kategoria\/"},{"@type":"ListItem","position":3,"name":"Modern\u00e1 \u0161kola","item":"https:\/\/alexnabytok.sk\/skolskynabytok\/kategoria\/moderna-skola\/"},{"@type":"ListItem","position":4,"name":"Duran stoly"}]},{"@type":"WebSite","@id":"https:\/\/alexnabytok.sk\/skolskynabytok\/#website","url":"https:\/\/alexnabytok.sk\/skolskynabytok\/","name":"\u0160KOLSK\u00dd N\u00c1BYTOK","description":"Alex kovov\u00fd a \u0161kolsk\u00fd n\u00e1bytok s.r.o.","potentialAction":[{"@type":"SearchAction","target":{"@type":"EntryPoint","urlTemplate":"https:\/\/alexnabytok.sk\/skolskynabytok\/?s={search_term_string}"},"query-input":{"@type":"PropertyValueSpecification","valueRequired":true,"valueName":"search_term_string"}}],"inLanguage":"en-US"}]}},"_links":{"self":[{"href":"https:\/\/alexnabytok.sk\/skolskynabytok\/wp-json\/wp\/v2\/pages\/88525","targetHints":{"allow":["GET"]}}],"collection":[{"href":"https:\/\/alexnabytok.sk\/skolskynabytok\/wp-json\/wp\/v2\/pages"}],"about":[{"href":"https:\/\/alexnabytok.sk\/skolskynabytok\/wp-json\/wp\/v2\/types\/page"}],"author":[{"embeddable":true,"href":"https:\/\/alexnabytok.sk\/skolskynabytok\/wp-json\/wp\/v2\/users\/1"}],"replies":[{"embeddable":true,"href":"https:\/\/alexnabytok.sk\/skolskynabytok\/wp-json\/wp\/v2\/comments?post=88525"}],"version-history":[{"count":2,"href":"https:\/\/alexnabytok.sk\/skolskynabytok\/wp-json\/wp\/v2\/pages\/88525\/revisions"}],"predecessor-version":[{"id":98291,"href":"https:\/\/alexnabytok.sk\/skolskynabytok\/wp-json\/wp\/v2\/pages\/88525\/revisions\/98291"}],"up":[{"embeddable":true,"href":"https:\/\/alexnabytok.sk\/skolskynabytok\/wp-json\/wp\/v2\/pages\/88516"}],"wp:featuredmedia":[{"embeddable":true,"href":"https:\/\/alexnabytok.sk\/skolskynabytok\/wp-json\/wp\/v2\/media\/88518"}],"wp:attachment":[{"href":"https:\/\/alexnabytok.sk\/skolskynabytok\/wp-json\/wp\/v2\/media?parent=88525"}],"curies":[{"name":"wp","href":"https:\/\/api.w.org\/{rel}","templated":true}]}}